{"id":94779,"date":"2020-01-15T16:28:26","date_gmt":"2020-01-15T15:28:26","guid":{"rendered":"https:\/\/elspeedo.cz\/?page_id=94779\/"},"modified":"2020-01-15T16:28:29","modified_gmt":"2020-01-15T15:28:29","slug":"elementary-paragliding-course-reservation-5","status":"publish","type":"page","link":"https:\/\/new.elspeedo.cz\/en\/courses-all-2\/elementary-paragliding-course-2\/elementary-paragliding-course-reservation-5\/","title":{"rendered":"Elementary Paragliding Course reservation"},"content":{"rendered":"<div class=\"members-access-error\">Sorry, but you do not have permission to view this content.<\/div>\n","protected":false},"excerpt":{"rendered":"<div class=\"members-access-error\">Sorry, but you do not have permission to view this content.<\/div>\n","protected":false},"author":4,"featured_media":0,"parent":26758,"menu_order":0,"comment_status":"closed","ping_status":"closed","template":"","meta":{"_tribe_blocks_recurrence_rules":"","_tribe_blocks_recurrence_exclusions":"","_tribe_blocks_recurrence_description":"","footnotes":""},"class_list":["post-94779","page","type-page","status-publish","hentry"],"yoast_head":"<!-- This site is optimized with the Yoast SEO plugin v27.0 - https:\/\/yoast.com\/product\/yoast-seo-wordpress\/ -->\n<title>Elementary Paragliding Course reservation &#8212; El Speedo<\/title>\n<meta name=\"description\" content=\"El Speedo je nejv\u011bt\u0161\u00ed paraglidingov\u00e1 komunita a \u0161kola v \u010cR. Tandemov\u00e9 seskoky, kurzy, expedice a paragliding v\u00fdbava\" \/>\n<meta name=\"robots\" content=\"index, follow, max-snippet:-1, max-image-preview:large, max-video-preview:-1\" \/>\n<link rel=\"canonical\" href=\"https:\/\/elspeedo.cz\/kurzy-paraglidingu\/zakladni-paraglidingovy-vycvik-2\/motorovy-kurz-rezervace-terminu\/\" \/>\n<meta property=\"og:locale\" content=\"en_US\" \/>\n<meta property=\"og:type\" content=\"article\" \/>\n<meta property=\"og:title\" content=\"Elementary Paragliding Course reservation &#8212; El Speedo\" \/>\n<meta property=\"og:description\" content=\"El Speedo je nejv\u011bt\u0161\u00ed paraglidingov\u00e1 komunita a \u0161kola v \u010cR. Tandemov\u00e9 seskoky, kurzy, expedice a paragliding v\u00fdbava\" \/>\n<meta property=\"og:url\" content=\"https:\/\/elspeedo.cz\/kurzy-paraglidingu\/zakladni-paraglidingovy-vycvik-2\/motorovy-kurz-rezervace-terminu\/\" \/>\n<meta property=\"og:site_name\" content=\"El Speedo\" \/>\n<meta property=\"article:publisher\" content=\"http:\/\/www.facebook.com\/paragliding.elspeedo.cz\/?fref=ts\" \/>\n<meta property=\"article:modified_time\" content=\"2020-01-15T15:28:29+00:00\" \/>\n<meta name=\"twitter:card\" content=\"summary_large_image\" \/>\n<meta name=\"twitter:label1\" content=\"Est. reading time\" \/>\n\t<meta name=\"twitter:data1\" content=\"6 minutes\" \/>\n<script type=\"application\/ld+json\" class=\"yoast-schema-graph\">{\"@context\":\"https:\/\/schema.org\",\"@graph\":[{\"@type\":\"WebPage\",\"@id\":\"https:\/\/elspeedo.cz\/kurzy-paraglidingu\/zakladni-paraglidingovy-vycvik-2\/motorovy-kurz-rezervace-terminu\/\",\"url\":\"https:\/\/elspeedo.cz\/kurzy-paraglidingu\/zakladni-paraglidingovy-vycvik-2\/motorovy-kurz-rezervace-terminu\/\",\"name\":\"Elementary Paragliding Course reservation &#8212; El Speedo\",\"isPartOf\":{\"@id\":\"https:\/\/elspeedo.cz\/#website\"},\"datePublished\":\"2020-01-15T15:28:26+00:00\",\"dateModified\":\"2020-01-15T15:28:29+00:00\",\"description\":\"El Speedo je nejv\u011bt\u0161\u00ed paraglidingov\u00e1 komunita a \u0161kola v \u010cR. Tandemov\u00e9 seskoky, kurzy, expedice a paragliding v\u00fdbava\",\"breadcrumb\":{\"@id\":\"https:\/\/elspeedo.cz\/kurzy-paraglidingu\/zakladni-paraglidingovy-vycvik-2\/motorovy-kurz-rezervace-terminu\/#breadcrumb\"},\"inLanguage\":\"en-US\",\"potentialAction\":[{\"@type\":\"ReadAction\",\"target\":[\"https:\/\/elspeedo.cz\/kurzy-paraglidingu\/zakladni-paraglidingovy-vycvik-2\/motorovy-kurz-rezervace-terminu\/\"]}]},{\"@type\":\"BreadcrumbList\",\"@id\":\"https:\/\/elspeedo.cz\/kurzy-paraglidingu\/zakladni-paraglidingovy-vycvik-2\/motorovy-kurz-rezervace-terminu\/#breadcrumb\",\"itemListElement\":[{\"@type\":\"ListItem\",\"position\":1,\"name\":\"Dom\u016f\",\"item\":\"https:\/\/elspeedo.cz\/en\/\"},{\"@type\":\"ListItem\",\"position\":2,\"name\":\"Courses\",\"item\":\"https:\/\/elspeedo.cz\/en\/courses-all-2\/\"},{\"@type\":\"ListItem\",\"position\":3,\"name\":\"Elementary Paragliding Course\",\"item\":\"https:\/\/elspeedo.cz\/en\/courses-all-2\/elementary-paragliding-course-2\/\"},{\"@type\":\"ListItem\",\"position\":4,\"name\":\"Elementary Paragliding Course reservation\"}]},{\"@type\":\"WebSite\",\"@id\":\"https:\/\/elspeedo.cz\/#website\",\"url\":\"https:\/\/elspeedo.cz\/\",\"name\":\"El Speedo\",\"description\":\"Paragliding - kurzy, vybaven\u00ed, v\u00fdlety, komunita\",\"potentialAction\":[{\"@type\":\"SearchAction\",\"target\":{\"@type\":\"EntryPoint\",\"urlTemplate\":\"https:\/\/elspeedo.cz\/?s={search_term_string}\"},\"query-input\":{\"@type\":\"PropertyValueSpecification\",\"valueRequired\":true,\"valueName\":\"search_term_string\"}}],\"inLanguage\":\"en-US\"}]}<\/script>\n<!-- \/ Yoast SEO plugin. -->","yoast_head_json":{"title":"Elementary Paragliding Course reservation &#8212; El Speedo","description":"El Speedo je nejv\u011bt\u0161\u00ed paraglidingov\u00e1 komunita a \u0161kola v \u010cR. Tandemov\u00e9 seskoky, kurzy, expedice a paragliding v\u00fdbava","robots":{"index":"index","follow":"follow","max-snippet":"max-snippet:-1","max-image-preview":"max-image-preview:large","max-video-preview":"max-video-preview:-1"},"canonical":"https:\/\/elspeedo.cz\/kurzy-paraglidingu\/zakladni-paraglidingovy-vycvik-2\/motorovy-kurz-rezervace-terminu\/","og_locale":"en_US","og_type":"article","og_title":"Elementary Paragliding Course reservation &#8212; El Speedo","og_description":"El Speedo je nejv\u011bt\u0161\u00ed paraglidingov\u00e1 komunita a \u0161kola v \u010cR. Tandemov\u00e9 seskoky, kurzy, expedice a paragliding v\u00fdbava","og_url":"https:\/\/elspeedo.cz\/kurzy-paraglidingu\/zakladni-paraglidingovy-vycvik-2\/motorovy-kurz-rezervace-terminu\/","og_site_name":"El Speedo","article_publisher":"http:\/\/www.facebook.com\/paragliding.elspeedo.cz\/?fref=ts","article_modified_time":"2020-01-15T15:28:29+00:00","twitter_card":"summary_large_image","twitter_misc":{"Est. reading time":"6 minutes"},"schema":{"@context":"https:\/\/schema.org","@graph":[{"@type":"WebPage","@id":"https:\/\/elspeedo.cz\/kurzy-paraglidingu\/zakladni-paraglidingovy-vycvik-2\/motorovy-kurz-rezervace-terminu\/","url":"https:\/\/elspeedo.cz\/kurzy-paraglidingu\/zakladni-paraglidingovy-vycvik-2\/motorovy-kurz-rezervace-terminu\/","name":"Elementary Paragliding Course reservation &#8212; El Speedo","isPartOf":{"@id":"https:\/\/elspeedo.cz\/#website"},"datePublished":"2020-01-15T15:28:26+00:00","dateModified":"2020-01-15T15:28:29+00:00","description":"El Speedo je nejv\u011bt\u0161\u00ed paraglidingov\u00e1 komunita a \u0161kola v \u010cR. Tandemov\u00e9 seskoky, kurzy, expedice a paragliding v\u00fdbava","breadcrumb":{"@id":"https:\/\/elspeedo.cz\/kurzy-paraglidingu\/zakladni-paraglidingovy-vycvik-2\/motorovy-kurz-rezervace-terminu\/#breadcrumb"},"inLanguage":"en-US","potentialAction":[{"@type":"ReadAction","target":["https:\/\/elspeedo.cz\/kurzy-paraglidingu\/zakladni-paraglidingovy-vycvik-2\/motorovy-kurz-rezervace-terminu\/"]}]},{"@type":"BreadcrumbList","@id":"https:\/\/elspeedo.cz\/kurzy-paraglidingu\/zakladni-paraglidingovy-vycvik-2\/motorovy-kurz-rezervace-terminu\/#breadcrumb","itemListElement":[{"@type":"ListItem","position":1,"name":"Dom\u016f","item":"https:\/\/elspeedo.cz\/en\/"},{"@type":"ListItem","position":2,"name":"Courses","item":"https:\/\/elspeedo.cz\/en\/courses-all-2\/"},{"@type":"ListItem","position":3,"name":"Elementary Paragliding Course","item":"https:\/\/elspeedo.cz\/en\/courses-all-2\/elementary-paragliding-course-2\/"},{"@type":"ListItem","position":4,"name":"Elementary Paragliding Course reservation"}]},{"@type":"WebSite","@id":"https:\/\/elspeedo.cz\/#website","url":"https:\/\/elspeedo.cz\/","name":"El Speedo","description":"Paragliding - kurzy, vybaven\u00ed, v\u00fdlety, komunita","potentialAction":[{"@type":"SearchAction","target":{"@type":"EntryPoint","urlTemplate":"https:\/\/elspeedo.cz\/?s={search_term_string}"},"query-input":{"@type":"PropertyValueSpecification","valueRequired":true,"valueName":"search_term_string"}}],"inLanguage":"en-US"}]}},"_links":{"self":[{"href":"https:\/\/new.elspeedo.cz\/en\/wp-json\/wp\/v2\/pages\/94779","targetHints":{"allow":["GET"]}}],"collection":[{"href":"https:\/\/new.elspeedo.cz\/en\/wp-json\/wp\/v2\/pages"}],"about":[{"href":"https:\/\/new.elspeedo.cz\/en\/wp-json\/wp\/v2\/types\/page"}],"author":[{"embeddable":true,"href":"https:\/\/new.elspeedo.cz\/en\/wp-json\/wp\/v2\/users\/4"}],"replies":[{"embeddable":true,"href":"https:\/\/new.elspeedo.cz\/en\/wp-json\/wp\/v2\/comments?post=94779"}],"version-history":[{"count":0,"href":"https:\/\/new.elspeedo.cz\/en\/wp-json\/wp\/v2\/pages\/94779\/revisions"}],"up":[{"embeddable":true,"href":"https:\/\/new.elspeedo.cz\/en\/wp-json\/wp\/v2\/pages\/26758"}],"wp:attachment":[{"href":"https:\/\/new.elspeedo.cz\/en\/wp-json\/wp\/v2\/media?parent=94779"}],"curies":[{"name":"wp","href":"https:\/\/api.w.org\/{rel}","templated":true}]}}