{"id":14524,"date":"2016-12-05T19:03:36","date_gmt":"2016-12-05T18:03:36","guid":{"rendered":"https:\/\/elspeedo.cz\/alpsky_styl\/?lang=pl"},"modified":"2017-05-10T17:03:58","modified_gmt":"2017-05-10T16:03:58","slug":"w-alpejskim-stylu","status":"publish","type":"page","link":"https:\/\/new.elspeedo.cz\/pl\/kursy-paralotniarstwa\/w-alpejskim-stylu\/","title":{"rendered":"W alpejskim stylu"},"content":{"rendered":"<div class=\"wpb-content-wrapper\">[vc_row css=&#8221;.vc_custom_1480960486976{padding-top: 40px !important;padding-bottom: 40px !important;}&#8221;][vc_column width=&#8221;1\/2&#8243;][vc_single_image image=&#8221;14384&#8243; img_size=&#8221;full&#8221; alignment=&#8221;center&#8221; style=&#8221;vc_box_rounded&#8221;][\/vc_column][vc_column width=&#8221;1\/2&#8243; css=&#8221;.vc_custom_1486481613782{padding-right: 130px !important;padding-left: 130px !important;}&#8221;][vc_column_text]\n<p style=\"text-align: center;\">Wykorzysta\u0107 na maksa ka\u017cde noszenie, zaplanowa\u0107 przelot trwaj\u0105cy dwie godziny na kt\u00f3rym\u015b z\u00a0alpejskich teren\u00f3w lotniczych, przelatywa\u0107 nad miejscami, po kt\u00f3rych wi\u0119kszo\u015b\u0107 ludzi zmuszona jest drepta\u0107 piechot\u0105. To jest to, co daje paralotniarstwu sens. W El Speedo staramy si\u0119 przekaza\u0107 Ci dostateczn\u0105 wiedz\u0119 i umiej\u0119tno\u015bci, aby m\u00f3c ogl\u0105da\u0107 \u015bwiat z\u00a0wysoko\u015bci, tak jak my.<\/p>\n[\/vc_column_text][\/vc_column][\/vc_row][vc_row fullwidth=&#8221;true&#8221; fullwidth_content=&#8221;false&#8221; css=&#8221;.vc_custom_1480960531988{padding-top: 70px !important;padding-bottom: 40px !important;background-color: #e7e7e7 !important;}&#8221;][vc_column width=&#8221;1\/2&#8243;][vc_column_text]\n<h1 style=\"text-align: right;\">W\u0142ochy i S\u0142owenia<\/h1>\n<p style=\"text-align: right;\">Alpy s\u0105 dla nas lekko dost\u0119pne i umo\u017cliwiaj\u0105 zaplanowanie du\u017cej ilo\u015bci naprawd\u0119 wspania\u0142ych przelot\u00f3w na paralotni. W\u0142a\u015bnie dlatego przygotowali\u015bmy dla Ciebie jednoroczny plan treningowy, zawieraj\u0105cy 4 kursy w jednym roku.<\/p>\n[\/vc_column_text][\/vc_column][vc_column width=&#8221;1\/2&#8243;][vc_single_image image=&#8221;14009&#8243; img_size=&#8221;full&#8221; alignment=&#8221;center&#8221; style=&#8221;vc_box_rounded&#8221;][\/vc_column][\/vc_row][vc_row css=&#8221;.vc_custom_1480960682769{padding-top: 70px !important;border-radius: 20px !important;}&#8221;][vc_column][vc_column_text]\n<h1 style=\"text-align: center;\">Zam\u00f3w korzystny dla Ciebie pakiet alpejski<\/h1>\n<p style=\"text-align: center;\">Chcemy zaoferowa\u0107 Ci efektown\u0105 drog\u0119 do sportowego latania w stylu XC. Pakiet zawiera cztery kursy, podczas kt\u00f3rych zatroszcz\u0105 si\u0119 o Ciebie do\u015bwiadczeni instruktorzy El Speedo teamu.<\/p>\n[\/vc_column_text][mk_padding_divider][mk_table]\n<table border=\"0\" cellspacing=\"1\" cellpadding=\"1\" align=\"center\">\n<tbody>\n<tr>\n<td>Kurs podstawowy (7+2 dni)<\/td>\n<td>Cena: 8400\u00a0CZK<\/td>\n<td><a href=\"\/pl\/kursy\/kurs-podstawowy-paralotniarstwa\/\">Opis kursu<\/a><\/td>\n<\/tr>\n<tr>\n<td>Jesienny Trening termiki (5 dni)<\/td>\n<td>Cena: 4400 CZK<\/td>\n<td><a href=\"\/pl\/kursy\/trening-paralotniowy\/trening-termiki\/\">Opis kursu<\/a><\/td>\n<\/tr>\n<tr>\n<td>Wiosenny Trening APT (5 dni)<\/td>\n<td>Cena: 5900 CZK<\/td>\n<td><a href=\"\/pl\/kursy\/trening-paralotniowy\/apt-trening\/\">Opis kursu<\/a><\/td>\n<\/tr>\n<tr>\n<td>Trening XC (5 dni)<\/td>\n<td>Cena: 5900 CZK<\/td>\n<td><a href=\"\/pl\/kursy\/latanie-w-gorach-latanie-xc\/xc-trening\/\">Opis kursu<\/a><\/td>\n<\/tr>\n<\/tbody>\n<\/table>\n[\/mk_table][mk_padding_divider][vc_column_text]\n<h4 style=\"text-align: center;\">Specjalna cena El Speedo pakietu \u201eW alpejskim stylu\u201c: 20900\u00a0CZK<\/h4>\n[\/vc_column_text][mk_padding_divider]<p class=\"product woocommerce add_to_cart_inline \" style=\"text-align: center\"><span class=\"woocommerce-Price-amount amount\">20 900&nbsp;<span class=\"woocommerce-Price-currencySymbol\">&#75;&#269;<\/span><\/span><a rel=\"nofollow\" href=\"\/pl\/wp-json\/wp\/v2\/pages\/14524?add-to-cart=49512\" data-quantity=\"1\" data-product_id=\"49512\" data-product_sku=\"\" class=\"product_loop_button product_type_simple add_to_cart_button ajax_add_to_cart\" data-product_id=\"49512\" data-product_sku=\"\" aria-label=\"Add &ldquo;W alpejskim stylu pl&rdquo; to your cart\" rel=\"nofollow\"><svg  class=\"mk-svg-icon\" data-name=\"mk-moon-cart-plus\" data-cacheid=\"icon-6a087c2b061b6\" style=\" height:16px; width: 16px; \"  xmlns=\"http:\/\/www.w3.org\/2000\/svg\" viewBox=\"0 0 512 512\"><path d=\"M416 96h-272c-16.138 0-29.751 12.018-31.753 28.031l-28.496 227.969h-51.751c-17.673 0-32 14.327-32 32s14.327 32 32 32h80c16.138 0 29.751-12.017 31.753-28.031l28.496-227.969h219.613l57.369 200.791c4.854 16.993 22.567 26.832 39.56 21.978 16.993-4.855 26.833-22.567 21.978-39.56l-64-224c-3.925-13.737-16.482-23.209-30.769-23.209zm-288-80a48 48 2700 1 0 96 0 48 48 2700 1 0-96 0zm192 0a48 48 2700 1 0 96 0 48 48 2700 1 0-96 0zm64 240h-64v-64h-64v64h-64v64h64v64h64v-64h64z\" transform=\"scale(1 -1) translate(0 -480)\"\/><\/svg><span class=\"product_loop_button_text\">Add to cart<\/a><\/p>[mk_padding_divider][vc_column_text]\n<p style=\"text-align: center;\">* oferujemy Ci mo\u017cliwo\u015b\u0107 latania razem z\u00a0naszymi instruktorami w najlepszych rejonach alpejskich, zanim minie pierwszy rok po Twym Kursie podstawowym. Wa\u017cno\u015b\u0107 pakietu ustawiona jest w\u0142a\u015bnie na jeden rok czasu. Nale\u017cy to rozumie\u0107 jako element motywacji, kt\u00f3ry ma za cel utrzyma\u0107 Ci\u0119 w trybie aktywnego treningu, bez d\u0142u\u017cszych przerw w lataniu.<\/p>\n<p style=\"text-align: center;\"><strong>Szczeg\u00f3\u0142owych informacji o terminach udzielimy Ci w biurze El Speedo pod numerem telefonu +420 777\u00a0311\u00a0661.<\/strong><\/p>\n[\/vc_column_text][mk_padding_divider][\/vc_column][\/vc_row]\n<\/div>","protected":false},"excerpt":{"rendered":"<p>[vc_row css=&#8221;.vc_custom_1480960486976{padding-top: 40px !important;padding-bottom: 40px !important;}&#8221;][vc_column width=&#8221;1\/2&#8243;][vc_single_image image=&#8221;14384&#8243; img_size=&#8221;full&#8221; alignment=&#8221;center&#8221; style=&#8221;vc_box_rounded&#8221;][\/vc_column][vc_column width=&#8221;1\/2&#8243; css=&#8221;.vc_custom_1486481613782{padding-right: 130px !important;padding-left: 130px !important;}&#8221;][vc_column_text] Wykorzysta\u0107 na maksa ka\u017cde noszenie, zaplanowa\u0107 przelot trwaj\u0105cy dwie godziny na kt\u00f3rym\u015b z\u00a0alpejskich teren\u00f3w lotniczych, przelatywa\u0107 nad miejscami, po kt\u00f3rych wi\u0119kszo\u015b\u0107 ludzi zmuszona jest drepta\u0107 piechot\u0105. To jest to, co daje paralotniarstwu sens. W El Speedo staramy si\u0119 [&hellip;]<\/p>\n","protected":false},"author":7,"featured_media":0,"parent":15505,"menu_order":0,"comment_status":"closed","ping_status":"closed","template":"","meta":{"_tribe_blocks_recurrence_rules":"","_tribe_blocks_recurrence_exclusions":"","_tribe_blocks_recurrence_description":"","footnotes":""},"class_list":["post-14524","page","type-page","status-publish","hentry"],"yoast_head":"<!-- This site is optimized with the Yoast SEO plugin v27.0 - https:\/\/yoast.com\/product\/yoast-seo-wordpress\/ -->\n<title>W alpejskim stylu &#8212; El Speedo<\/title>\n<meta name=\"description\" content=\"Wykorzysta\u0107 na maksa ka\u017cde noszenie, zaplanowa\u0107 przelot trwaj\u0105cy dwie godziny - to wszystko, i nie tylko to, opanujesz w naszym pakiecie &quot;W alpejskim stylu&quot;\" \/>\n<meta name=\"robots\" content=\"index, follow, max-snippet:-1, max-image-preview:large, max-video-preview:-1\" \/>\n<link rel=\"canonical\" href=\"https:\/\/elspeedo.cz\/kurzy-paraglidingu\/alpsky-styl\/\" \/>\n<meta property=\"og:locale\" content=\"pl_PL\" \/>\n<meta property=\"og:type\" content=\"article\" \/>\n<meta property=\"og:title\" content=\"W alpejskim stylu &#8212; El Speedo\" \/>\n<meta property=\"og:description\" content=\"Wykorzysta\u0107 na maksa ka\u017cde noszenie, zaplanowa\u0107 przelot trwaj\u0105cy dwie godziny - to wszystko, i nie tylko to, opanujesz w naszym pakiecie &quot;W alpejskim stylu&quot;\" \/>\n<meta property=\"og:url\" content=\"https:\/\/elspeedo.cz\/kurzy-paraglidingu\/alpsky-styl\/\" \/>\n<meta property=\"og:site_name\" content=\"El Speedo\" \/>\n<meta property=\"article:publisher\" content=\"http:\/\/www.facebook.com\/paragliding.elspeedo.cz\/?fref=ts\" \/>\n<meta property=\"article:modified_time\" content=\"2017-05-10T16:03:58+00:00\" \/>\n<meta name=\"twitter:card\" content=\"summary_large_image\" \/>\n<meta name=\"twitter:label1\" content=\"Szacowany czas czytania\" \/>\n\t<meta name=\"twitter:data1\" content=\"2 minuty\" \/>\n<script type=\"application\/ld+json\" class=\"yoast-schema-graph\">{\"@context\":\"https:\/\/schema.org\",\"@graph\":[{\"@type\":\"WebPage\",\"@id\":\"https:\/\/elspeedo.cz\/kurzy-paraglidingu\/alpsky-styl\/\",\"url\":\"https:\/\/elspeedo.cz\/kurzy-paraglidingu\/alpsky-styl\/\",\"name\":\"W alpejskim stylu &#8212; El Speedo\",\"isPartOf\":{\"@id\":\"https:\/\/elspeedo.cz\/#website\"},\"datePublished\":\"2016-12-05T18:03:36+00:00\",\"dateModified\":\"2017-05-10T16:03:58+00:00\",\"description\":\"Wykorzysta\u0107 na maksa ka\u017cde noszenie, zaplanowa\u0107 przelot trwaj\u0105cy dwie godziny - to wszystko, i nie tylko to, opanujesz w naszym pakiecie \\\"W alpejskim stylu\\\"\",\"breadcrumb\":{\"@id\":\"https:\/\/elspeedo.cz\/kurzy-paraglidingu\/alpsky-styl\/#breadcrumb\"},\"inLanguage\":\"pl-PL\",\"potentialAction\":[{\"@type\":\"ReadAction\",\"target\":[\"https:\/\/elspeedo.cz\/kurzy-paraglidingu\/alpsky-styl\/\"]}]},{\"@type\":\"BreadcrumbList\",\"@id\":\"https:\/\/elspeedo.cz\/kurzy-paraglidingu\/alpsky-styl\/#breadcrumb\",\"itemListElement\":[{\"@type\":\"ListItem\",\"position\":1,\"name\":\"Dom\u016f\",\"item\":\"https:\/\/elspeedo.cz\/pl\/\"},{\"@type\":\"ListItem\",\"position\":2,\"name\":\"Kursy Paralotniarstwa\",\"item\":\"https:\/\/elspeedo.cz\/pl\/kursy-paralotniarstwa\/\"},{\"@type\":\"ListItem\",\"position\":3,\"name\":\"W alpejskim stylu\"}]},{\"@type\":\"WebSite\",\"@id\":\"https:\/\/elspeedo.cz\/#website\",\"url\":\"https:\/\/elspeedo.cz\/\",\"name\":\"El Speedo\",\"description\":\"Paragliding - kurzy, vybaven\u00ed, v\u00fdlety, komunita\",\"potentialAction\":[{\"@type\":\"SearchAction\",\"target\":{\"@type\":\"EntryPoint\",\"urlTemplate\":\"https:\/\/elspeedo.cz\/?s={search_term_string}\"},\"query-input\":{\"@type\":\"PropertyValueSpecification\",\"valueRequired\":true,\"valueName\":\"search_term_string\"}}],\"inLanguage\":\"pl-PL\"}]}<\/script>\n<!-- \/ Yoast SEO plugin. -->","yoast_head_json":{"title":"W alpejskim stylu &#8212; El Speedo","description":"Wykorzysta\u0107 na maksa ka\u017cde noszenie, zaplanowa\u0107 przelot trwaj\u0105cy dwie godziny - to wszystko, i nie tylko to, opanujesz w naszym pakiecie \"W alpejskim stylu\"","robots":{"index":"index","follow":"follow","max-snippet":"max-snippet:-1","max-image-preview":"max-image-preview:large","max-video-preview":"max-video-preview:-1"},"canonical":"https:\/\/elspeedo.cz\/kurzy-paraglidingu\/alpsky-styl\/","og_locale":"pl_PL","og_type":"article","og_title":"W alpejskim stylu &#8212; El Speedo","og_description":"Wykorzysta\u0107 na maksa ka\u017cde noszenie, zaplanowa\u0107 przelot trwaj\u0105cy dwie godziny - to wszystko, i nie tylko to, opanujesz w naszym pakiecie \"W alpejskim stylu\"","og_url":"https:\/\/elspeedo.cz\/kurzy-paraglidingu\/alpsky-styl\/","og_site_name":"El Speedo","article_publisher":"http:\/\/www.facebook.com\/paragliding.elspeedo.cz\/?fref=ts","article_modified_time":"2017-05-10T16:03:58+00:00","twitter_card":"summary_large_image","twitter_misc":{"Szacowany czas czytania":"2 minuty"},"schema":{"@context":"https:\/\/schema.org","@graph":[{"@type":"WebPage","@id":"https:\/\/elspeedo.cz\/kurzy-paraglidingu\/alpsky-styl\/","url":"https:\/\/elspeedo.cz\/kurzy-paraglidingu\/alpsky-styl\/","name":"W alpejskim stylu &#8212; El Speedo","isPartOf":{"@id":"https:\/\/elspeedo.cz\/#website"},"datePublished":"2016-12-05T18:03:36+00:00","dateModified":"2017-05-10T16:03:58+00:00","description":"Wykorzysta\u0107 na maksa ka\u017cde noszenie, zaplanowa\u0107 przelot trwaj\u0105cy dwie godziny - to wszystko, i nie tylko to, opanujesz w naszym pakiecie \"W alpejskim stylu\"","breadcrumb":{"@id":"https:\/\/elspeedo.cz\/kurzy-paraglidingu\/alpsky-styl\/#breadcrumb"},"inLanguage":"pl-PL","potentialAction":[{"@type":"ReadAction","target":["https:\/\/elspeedo.cz\/kurzy-paraglidingu\/alpsky-styl\/"]}]},{"@type":"BreadcrumbList","@id":"https:\/\/elspeedo.cz\/kurzy-paraglidingu\/alpsky-styl\/#breadcrumb","itemListElement":[{"@type":"ListItem","position":1,"name":"Dom\u016f","item":"https:\/\/elspeedo.cz\/pl\/"},{"@type":"ListItem","position":2,"name":"Kursy Paralotniarstwa","item":"https:\/\/elspeedo.cz\/pl\/kursy-paralotniarstwa\/"},{"@type":"ListItem","position":3,"name":"W alpejskim stylu"}]},{"@type":"WebSite","@id":"https:\/\/elspeedo.cz\/#website","url":"https:\/\/elspeedo.cz\/","name":"El Speedo","description":"Paragliding - kurzy, vybaven\u00ed, v\u00fdlety, komunita","potentialAction":[{"@type":"SearchAction","target":{"@type":"EntryPoint","urlTemplate":"https:\/\/elspeedo.cz\/?s={search_term_string}"},"query-input":{"@type":"PropertyValueSpecification","valueRequired":true,"valueName":"search_term_string"}}],"inLanguage":"pl-PL"}]}},"_links":{"self":[{"href":"https:\/\/new.elspeedo.cz\/pl\/wp-json\/wp\/v2\/pages\/14524","targetHints":{"allow":["GET"]}}],"collection":[{"href":"https:\/\/new.elspeedo.cz\/pl\/wp-json\/wp\/v2\/pages"}],"about":[{"href":"https:\/\/new.elspeedo.cz\/pl\/wp-json\/wp\/v2\/types\/page"}],"author":[{"embeddable":true,"href":"https:\/\/new.elspeedo.cz\/pl\/wp-json\/wp\/v2\/users\/7"}],"replies":[{"embeddable":true,"href":"https:\/\/new.elspeedo.cz\/pl\/wp-json\/wp\/v2\/comments?post=14524"}],"version-history":[{"count":0,"href":"https:\/\/new.elspeedo.cz\/pl\/wp-json\/wp\/v2\/pages\/14524\/revisions"}],"up":[{"embeddable":true,"href":"https:\/\/new.elspeedo.cz\/pl\/wp-json\/wp\/v2\/pages\/15505"}],"wp:attachment":[{"href":"https:\/\/new.elspeedo.cz\/pl\/wp-json\/wp\/v2\/media?parent=14524"}],"curies":[{"name":"wp","href":"https:\/\/api.w.org\/{rel}","templated":true}]}}