{"id":57220,"date":"2017-06-21T10:27:19","date_gmt":"2017-06-21T09:27:19","guid":{"rendered":"https:\/\/elspeedo.cz\/?page_id=57220\/"},"modified":"2017-06-21T10:27:19","modified_gmt":"2017-06-21T09:27:19","slug":"rychlostni-polara","status":"publish","type":"page","link":"https:\/\/new.elspeedo.cz\/pl\/e-learning\/przygotowanie-przed-kursem-podstawowym\/pilotaz-aktywny-przygotowanie\/rychlostni-polara\/","title":{"rendered":"Rychlostn\u00ed pol\u00e1ra"},"content":{"rendered":"<div class=\"members-access-error\">Sorry, but you do not have permission to view this content.<\/div>\n","protected":false},"excerpt":{"rendered":"<div class=\"members-access-error\">Sorry, but you do not have permission to view this content.<\/div>\n","protected":false},"author":7,"featured_media":0,"parent":49270,"menu_order":0,"comment_status":"closed","ping_status":"closed","template":"","meta":{"_tribe_blocks_recurrence_rules":"","_tribe_blocks_recurrence_exclusions":"","_tribe_blocks_recurrence_description":"","footnotes":""},"class_list":["post-57220","page","type-page","status-publish","hentry"],"yoast_head":"<!-- This site is optimized with the Yoast SEO plugin v27.0 - https:\/\/yoast.com\/product\/yoast-seo-wordpress\/ -->\n<title>Rychlostn\u00ed pol\u00e1ra &#8212; El Speedo<\/title>\n<meta name=\"description\" content=\"El Speedo je nejv\u011bt\u0161\u00ed paraglidingov\u00e1 komunita a \u0161kola v \u010cR. Tandemov\u00e9 seskoky, kurzy, expedice a paragliding v\u00fdbava\" \/>\n<meta name=\"robots\" content=\"index, follow, max-snippet:-1, max-image-preview:large, max-video-preview:-1\" \/>\n<link rel=\"canonical\" href=\"https:\/\/elspeedo.cz\/e-vyuka\/priprava-pred-kurzem-2\/aktivni-pilotaz-priprava\/rychlostni-polara\/\" \/>\n<meta property=\"og:locale\" content=\"pl_PL\" \/>\n<meta property=\"og:type\" content=\"article\" \/>\n<meta property=\"og:title\" content=\"Rychlostn\u00ed pol\u00e1ra &#8212; El Speedo\" \/>\n<meta property=\"og:description\" content=\"El Speedo je nejv\u011bt\u0161\u00ed paraglidingov\u00e1 komunita a \u0161kola v \u010cR. Tandemov\u00e9 seskoky, kurzy, expedice a paragliding v\u00fdbava\" \/>\n<meta property=\"og:url\" content=\"https:\/\/elspeedo.cz\/e-vyuka\/priprava-pred-kurzem-2\/aktivni-pilotaz-priprava\/rychlostni-polara\/\" \/>\n<meta property=\"og:site_name\" content=\"El Speedo\" \/>\n<meta property=\"article:publisher\" content=\"http:\/\/www.facebook.com\/paragliding.elspeedo.cz\/?fref=ts\" \/>\n<meta name=\"twitter:card\" content=\"summary_large_image\" \/>\n<script type=\"application\/ld+json\" class=\"yoast-schema-graph\">{\"@context\":\"https:\/\/schema.org\",\"@graph\":[{\"@type\":\"WebPage\",\"@id\":\"https:\/\/elspeedo.cz\/e-vyuka\/priprava-pred-kurzem-2\/aktivni-pilotaz-priprava\/rychlostni-polara\/\",\"url\":\"https:\/\/elspeedo.cz\/e-vyuka\/priprava-pred-kurzem-2\/aktivni-pilotaz-priprava\/rychlostni-polara\/\",\"name\":\"Rychlostn\u00ed pol\u00e1ra &#8212; El Speedo\",\"isPartOf\":{\"@id\":\"https:\/\/elspeedo.cz\/#website\"},\"datePublished\":\"2017-06-21T09:27:19+00:00\",\"description\":\"El Speedo je nejv\u011bt\u0161\u00ed paraglidingov\u00e1 komunita a \u0161kola v \u010cR. Tandemov\u00e9 seskoky, kurzy, expedice a paragliding v\u00fdbava\",\"breadcrumb\":{\"@id\":\"https:\/\/elspeedo.cz\/e-vyuka\/priprava-pred-kurzem-2\/aktivni-pilotaz-priprava\/rychlostni-polara\/#breadcrumb\"},\"inLanguage\":\"pl-PL\",\"potentialAction\":[{\"@type\":\"ReadAction\",\"target\":[\"https:\/\/elspeedo.cz\/e-vyuka\/priprava-pred-kurzem-2\/aktivni-pilotaz-priprava\/rychlostni-polara\/\"]}]},{\"@type\":\"BreadcrumbList\",\"@id\":\"https:\/\/elspeedo.cz\/e-vyuka\/priprava-pred-kurzem-2\/aktivni-pilotaz-priprava\/rychlostni-polara\/#breadcrumb\",\"itemListElement\":[{\"@type\":\"ListItem\",\"position\":1,\"name\":\"Dom\u016f\",\"item\":\"https:\/\/elspeedo.cz\/pl\/\"},{\"@type\":\"ListItem\",\"position\":2,\"name\":\"E-learning\",\"item\":\"https:\/\/elspeedo.cz\/e-vyuka\/\"},{\"@type\":\"ListItem\",\"position\":3,\"name\":\"Przygotowanie przed Kursem podstawowym\",\"item\":\"https:\/\/elspeedo.cz\/e-vyuka\/priprava-pred-kurzem-2\/\"},{\"@type\":\"ListItem\",\"position\":4,\"name\":\"Pilota\u017c aktywny- przygotowanie\",\"item\":\"https:\/\/elspeedo.cz\/e-vyuka\/priprava-pred-kurzem-2\/aktivni-pilotaz-priprava\/\"},{\"@type\":\"ListItem\",\"position\":5,\"name\":\"Rychlostn\u00ed pol\u00e1ra\"}]},{\"@type\":\"WebSite\",\"@id\":\"https:\/\/elspeedo.cz\/#website\",\"url\":\"https:\/\/elspeedo.cz\/\",\"name\":\"El Speedo\",\"description\":\"Paragliding - kurzy, vybaven\u00ed, v\u00fdlety, komunita\",\"potentialAction\":[{\"@type\":\"SearchAction\",\"target\":{\"@type\":\"EntryPoint\",\"urlTemplate\":\"https:\/\/elspeedo.cz\/?s={search_term_string}\"},\"query-input\":{\"@type\":\"PropertyValueSpecification\",\"valueRequired\":true,\"valueName\":\"search_term_string\"}}],\"inLanguage\":\"pl-PL\"}]}<\/script>\n<!-- \/ Yoast SEO plugin. -->","yoast_head_json":{"title":"Rychlostn\u00ed pol\u00e1ra &#8212; El Speedo","description":"El Speedo je nejv\u011bt\u0161\u00ed paraglidingov\u00e1 komunita a \u0161kola v \u010cR. Tandemov\u00e9 seskoky, kurzy, expedice a paragliding v\u00fdbava","robots":{"index":"index","follow":"follow","max-snippet":"max-snippet:-1","max-image-preview":"max-image-preview:large","max-video-preview":"max-video-preview:-1"},"canonical":"https:\/\/elspeedo.cz\/e-vyuka\/priprava-pred-kurzem-2\/aktivni-pilotaz-priprava\/rychlostni-polara\/","og_locale":"pl_PL","og_type":"article","og_title":"Rychlostn\u00ed pol\u00e1ra &#8212; El Speedo","og_description":"El Speedo je nejv\u011bt\u0161\u00ed paraglidingov\u00e1 komunita a \u0161kola v \u010cR. Tandemov\u00e9 seskoky, kurzy, expedice a paragliding v\u00fdbava","og_url":"https:\/\/elspeedo.cz\/e-vyuka\/priprava-pred-kurzem-2\/aktivni-pilotaz-priprava\/rychlostni-polara\/","og_site_name":"El Speedo","article_publisher":"http:\/\/www.facebook.com\/paragliding.elspeedo.cz\/?fref=ts","twitter_card":"summary_large_image","schema":{"@context":"https:\/\/schema.org","@graph":[{"@type":"WebPage","@id":"https:\/\/elspeedo.cz\/e-vyuka\/priprava-pred-kurzem-2\/aktivni-pilotaz-priprava\/rychlostni-polara\/","url":"https:\/\/elspeedo.cz\/e-vyuka\/priprava-pred-kurzem-2\/aktivni-pilotaz-priprava\/rychlostni-polara\/","name":"Rychlostn\u00ed pol\u00e1ra &#8212; El Speedo","isPartOf":{"@id":"https:\/\/elspeedo.cz\/#website"},"datePublished":"2017-06-21T09:27:19+00:00","description":"El Speedo je nejv\u011bt\u0161\u00ed paraglidingov\u00e1 komunita a \u0161kola v \u010cR. Tandemov\u00e9 seskoky, kurzy, expedice a paragliding v\u00fdbava","breadcrumb":{"@id":"https:\/\/elspeedo.cz\/e-vyuka\/priprava-pred-kurzem-2\/aktivni-pilotaz-priprava\/rychlostni-polara\/#breadcrumb"},"inLanguage":"pl-PL","potentialAction":[{"@type":"ReadAction","target":["https:\/\/elspeedo.cz\/e-vyuka\/priprava-pred-kurzem-2\/aktivni-pilotaz-priprava\/rychlostni-polara\/"]}]},{"@type":"BreadcrumbList","@id":"https:\/\/elspeedo.cz\/e-vyuka\/priprava-pred-kurzem-2\/aktivni-pilotaz-priprava\/rychlostni-polara\/#breadcrumb","itemListElement":[{"@type":"ListItem","position":1,"name":"Dom\u016f","item":"https:\/\/elspeedo.cz\/pl\/"},{"@type":"ListItem","position":2,"name":"E-learning","item":"https:\/\/elspeedo.cz\/e-vyuka\/"},{"@type":"ListItem","position":3,"name":"Przygotowanie przed Kursem podstawowym","item":"https:\/\/elspeedo.cz\/e-vyuka\/priprava-pred-kurzem-2\/"},{"@type":"ListItem","position":4,"name":"Pilota\u017c aktywny- przygotowanie","item":"https:\/\/elspeedo.cz\/e-vyuka\/priprava-pred-kurzem-2\/aktivni-pilotaz-priprava\/"},{"@type":"ListItem","position":5,"name":"Rychlostn\u00ed pol\u00e1ra"}]},{"@type":"WebSite","@id":"https:\/\/elspeedo.cz\/#website","url":"https:\/\/elspeedo.cz\/","name":"El Speedo","description":"Paragliding - kurzy, vybaven\u00ed, v\u00fdlety, komunita","potentialAction":[{"@type":"SearchAction","target":{"@type":"EntryPoint","urlTemplate":"https:\/\/elspeedo.cz\/?s={search_term_string}"},"query-input":{"@type":"PropertyValueSpecification","valueRequired":true,"valueName":"search_term_string"}}],"inLanguage":"pl-PL"}]}},"_links":{"self":[{"href":"https:\/\/new.elspeedo.cz\/pl\/wp-json\/wp\/v2\/pages\/57220","targetHints":{"allow":["GET"]}}],"collection":[{"href":"https:\/\/new.elspeedo.cz\/pl\/wp-json\/wp\/v2\/pages"}],"about":[{"href":"https:\/\/new.elspeedo.cz\/pl\/wp-json\/wp\/v2\/types\/page"}],"author":[{"embeddable":true,"href":"https:\/\/new.elspeedo.cz\/pl\/wp-json\/wp\/v2\/users\/7"}],"replies":[{"embeddable":true,"href":"https:\/\/new.elspeedo.cz\/pl\/wp-json\/wp\/v2\/comments?post=57220"}],"version-history":[{"count":0,"href":"https:\/\/new.elspeedo.cz\/pl\/wp-json\/wp\/v2\/pages\/57220\/revisions"}],"up":[{"embeddable":true,"href":"https:\/\/new.elspeedo.cz\/pl\/wp-json\/wp\/v2\/pages\/49270"}],"wp:attachment":[{"href":"https:\/\/new.elspeedo.cz\/pl\/wp-json\/wp\/v2\/media?parent=57220"}],"curies":[{"name":"wp","href":"https:\/\/api.w.org\/{rel}","templated":true}]}}